{"id":77,"date":"2024-06-15T15:48:09","date_gmt":"2024-06-15T13:48:09","guid":{"rendered":"https:\/\/spedicetode.cz\/?page_id=77"},"modified":"2024-06-15T16:28:28","modified_gmt":"2024-06-15T14:28:28","slug":"kontakty","status":"publish","type":"page","link":"https:\/\/spedicetode.cz\/?page_id=77","title":{"rendered":"Kontakty"},"content":{"rendered":"\n<h2 class=\"wp-block-heading\">Tel. Kontakt:<\/h2>\n\n\n\n<a href=\"tel:+420-777-230-185\"> +420 777 230 185 <\/a>\n<\/br>\n<a href=\"tel:+420-608-322-474\"> +420 608 322 474 <\/a>\n\n\n\n<p><\/p>\n\n\n\n<h2 class=\"wp-block-heading\">Email:<\/h2>\n\n\n\n<a href=\"mailto:spedice.tode@seznam.cz\">spedice.tode@seznam.cz<\/a>\n\n\n\n<p><\/p>\n\n\n\n<h2 class=\"wp-block-heading\">Otev\u00edrac\u00ed doba:<\/h2>\n\n\n\n<ul class=\"wp-block-list\">\n<li>8:00 &#8211; 16:00<\/li>\n\n\n\n<li>Od Pond\u011bl\u00ed do P\u00e1tku<\/li>\n<\/ul>\n\n\n\n<h2 class=\"wp-block-heading\">I\u010cO \/ DI\u010c:<\/h2>\n\n\n\n<ul class=\"wp-block-list\">\n<li>I\u010cO: 65246390<\/li>\n\n\n\n<li>DI\u010c: CZ 7859140784<\/li>\n<\/ul>\n","protected":false},"excerpt":{"rendered":"<p>Tel. Kontakt: +420 777 230 185 +420 608 322 474 Email: spedice.tode@seznam.cz Otev\u00edrac\u00ed doba: I\u010cO \/ DI\u010c:<\/p>\n","protected":false},"author":1,"featured_media":0,"parent":0,"menu_order":0,"comment_status":"closed","ping_status":"closed","template":"","meta":{"footnotes":""},"class_list":["post-77","page","type-page","status-publish","hentry"],"_links":{"self":[{"href":"https:\/\/spedicetode.cz\/index.php?rest_route=\/wp\/v2\/pages\/77","targetHints":{"allow":["GET"]}}],"collection":[{"href":"https:\/\/spedicetode.cz\/index.php?rest_route=\/wp\/v2\/pages"}],"about":[{"href":"https:\/\/spedicetode.cz\/index.php?rest_route=\/wp\/v2\/types\/page"}],"author":[{"embeddable":true,"href":"https:\/\/spedicetode.cz\/index.php?rest_route=\/wp\/v2\/users\/1"}],"replies":[{"embeddable":true,"href":"https:\/\/spedicetode.cz\/index.php?rest_route=%2Fwp%2Fv2%2Fcomments&post=77"}],"version-history":[{"count":8,"href":"https:\/\/spedicetode.cz\/index.php?rest_route=\/wp\/v2\/pages\/77\/revisions"}],"predecessor-version":[{"id":101,"href":"https:\/\/spedicetode.cz\/index.php?rest_route=\/wp\/v2\/pages\/77\/revisions\/101"}],"wp:attachment":[{"href":"https:\/\/spedicetode.cz\/index.php?rest_route=%2Fwp%2Fv2%2Fmedia&parent=77"}],"curies":[{"name":"wp","href":"https:\/\/api.w.org\/{rel}","templated":true}]}}