{"id":7,"date":"2024-02-27T21:12:41","date_gmt":"2024-02-27T20:12:41","guid":{"rendered":"https:\/\/spedicetode.cz\/?page_id=7"},"modified":"2024-06-15T15:27:42","modified_gmt":"2024-06-15T13:27:42","slug":"uvod","status":"publish","type":"page","link":"https:\/\/spedicetode.cz\/","title":{"rendered":"O N\u00e1s"},"content":{"rendered":"\n<h1 class=\"wp-block-heading\"><strong>\u00daVOD<\/strong><\/h1>\n\n\n\n<p>SPEDICE TODE je rodinn\u00e1 firma se s\u00eddlem v&nbsp;\u010c\u00e1slavi, kter\u00e1 poskytuje slu\u017eby v&nbsp;oblasti vnitrost\u00e1tn\u00ed a mezin\u00e1rodn\u00ed n\u00e1kladn\u00ed p\u0159epravy. V&nbsp;oblasti logistiky p\u016fsob\u00edme od roku 2015, za tu dobu jsme z\u00edskali dostatek zku\u0161enost\u00ed s&nbsp;p\u0159epravou zbo\u017e\u00ed.<\/p>\n\n\n\n<p>Z\u00e1le\u017e\u00ed n\u00e1m na na\u0161\u00ed dobr\u00e9 pov\u011bsti a p\u0159edev\u0161\u00edm na spokojenosti na\u0161ich z\u00e1kazn\u00edk\u016f, kter\u00fdm nab\u00edz\u00edme spolehlivost, rychlost dod\u00e1vek a poskytov\u00e1n\u00ed slu\u017eeb na t\u00e9 nejvy\u0161\u0161\u00ed \u00farovni. To znamen\u00e1, \u017ee Va\u0161e starosti p\u0159ech\u00e1z\u00ed na n\u00e1s s&nbsp;t\u00edm, \u017ee se postar\u00e1me o zabalen\u00ed a nalo\u017een\u00ed zbo\u017e\u00ed na V\u00e1mi ur\u010den\u00e9 adrese a zajist\u00edme jejich bezpe\u010dn\u00fd p\u0159evoz. Va\u0161e pokyny spln\u00edme na 100% s&nbsp;nejv\u011bt\u0161\u00edm nasazen\u00edm k&nbsp;Va\u0161\u00ed spokojenosti.<\/p>\n\n\n\n<p>Nab\u00edz\u00edme zaji\u0161t\u011bn\u00ed svoz\u016f zbo\u017e\u00ed do 24 tun a prostor v&nbsp;p\u0159ekladi\u0161ti cca 850 m<sup>2 <\/sup>v&nbsp;Nov\u00fdch Dvorech u Kutn\u00e9 Hory. V&nbsp;sou\u010dasn\u00e9 dob\u011b na\u0161i \u010dinnost d\u00e1le roz\u0161i\u0159ujeme a to p\u0159edev\u0161\u00edm v&nbsp;oblasti expresn\u00ed p\u0159epravy do v\u00e1hy n\u00e1kladu 1&nbsp;000 kg.<\/p>\n\n\n\n<p><\/p>\n\n\n\n<h1 class=\"wp-block-heading\"><strong>VOZIDLA<\/strong><\/h1>\n\n\n\n<p>Svozy zbo\u017e\u00ed zaji\u0161\u0165ujeme dod\u00e1vkov\u00fdmi vozidly a auty do 7.5 tuny. U v\u0161ech vozidel prob\u00edh\u00e1 pravideln\u00e1 \u00fadr\u017eba a kontrola jejich stavu tak, aby vyhovovala n\u00e1ro\u010dn\u00fd podm\u00ednk\u00e1m p\u0159epravy. V\u0161echna vozidla disponuj\u00ed vyhled\u00e1vac\u00edm syst\u00e9mem, proto nen\u00ed probl\u00e9m kdykoliv zjistit polohu vozidla a t\u00edm i Va\u0161eho zbo\u017e\u00ed.<\/p>\n\n\n\n<p>S&nbsp;na\u0161imi \u0159idi\u010di jsme v&nbsp;neust\u00e1l\u00e9m kontaktu, tak\u017ee m\u00e1me nep\u0159etr\u017eit\u011b k&nbsp;dispozici aktu\u00e1ln\u00ed informace o pr\u016fb\u011bhu p\u0159epravy a o p\u0159\u00edpadn\u00fdch probl\u00e9mech provozu, jako je nep\u0159\u00edze\u0148 po\u010das\u00ed, hav\u00e1rie, kolony apod. Na z\u00e1klad\u011b toho V\u00e1s m\u016f\u017eeme informovat, kdy bude Va\u0161e z\u00e1silka doru\u010dena. P\u0159\u00edpadn\u00e9 vznikl\u00e9 probl\u00e9my \u0159e\u0161\u00edme ihned tak, aby Va\u0161e z\u00e1silka byla na m\u00edst\u011b ur\u010den\u00ed v\u010das.<\/p>\n","protected":false},"excerpt":{"rendered":"<p>\u00daVOD SPEDICE TODE je rodinn\u00e1 firma se s\u00eddlem v&nbsp;\u010c\u00e1slavi, kter\u00e1 poskytuje slu\u017eby v&nbsp;oblasti vnitrost\u00e1tn\u00ed a mezin\u00e1rodn\u00ed n\u00e1kladn\u00ed p\u0159epravy. V&nbsp;oblasti logistiky p\u016fsob\u00edme od roku 2015, za tu dobu jsme z\u00edskali dostatek zku\u0161enost\u00ed s&nbsp;p\u0159epravou zbo\u017e\u00ed. Z\u00e1le\u017e\u00ed n\u00e1m na na\u0161\u00ed dobr\u00e9 pov\u011bsti a p\u0159edev\u0161\u00edm na spokojenosti na\u0161ich z\u00e1kazn\u00edk\u016f, kter\u00fdm nab\u00edz\u00edme spolehlivost, rychlost dod\u00e1vek a poskytov\u00e1n\u00ed slu\u017eeb na t\u00e9 [&hellip;]<\/p>\n","protected":false},"author":1,"featured_media":0,"parent":0,"menu_order":0,"comment_status":"closed","ping_status":"closed","template":"","meta":{"footnotes":""},"class_list":["post-7","page","type-page","status-publish","hentry"],"_links":{"self":[{"href":"https:\/\/spedicetode.cz\/index.php?rest_route=\/wp\/v2\/pages\/7","targetHints":{"allow":["GET"]}}],"collection":[{"href":"https:\/\/spedicetode.cz\/index.php?rest_route=\/wp\/v2\/pages"}],"about":[{"href":"https:\/\/spedicetode.cz\/index.php?rest_route=\/wp\/v2\/types\/page"}],"author":[{"embeddable":true,"href":"https:\/\/spedicetode.cz\/index.php?rest_route=\/wp\/v2\/users\/1"}],"replies":[{"embeddable":true,"href":"https:\/\/spedicetode.cz\/index.php?rest_route=%2Fwp%2Fv2%2Fcomments&post=7"}],"version-history":[{"count":5,"href":"https:\/\/spedicetode.cz\/index.php?rest_route=\/wp\/v2\/pages\/7\/revisions"}],"predecessor-version":[{"id":74,"href":"https:\/\/spedicetode.cz\/index.php?rest_route=\/wp\/v2\/pages\/7\/revisions\/74"}],"wp:attachment":[{"href":"https:\/\/spedicetode.cz\/index.php?rest_route=%2Fwp%2Fv2%2Fmedia&parent=7"}],"curies":[{"name":"wp","href":"https:\/\/api.w.org\/{rel}","templated":true}]}}